{"id":3,"date":"2022-08-09T18:32:49","date_gmt":"2022-08-09T18:32:49","guid":{"rendered":"http:\/\/marija-peric.com\/?page_id=3"},"modified":"2022-08-18T14:55:23","modified_gmt":"2022-08-18T12:55:23","slug":"privacy-policy","status":"publish","type":"page","link":"https:\/\/marija-peric.com\/en\/privacy-policy\/","title":{"rendered":"Privacy Policy"},"content":{"rendered":"<div data-elementor-type=\"wp-page\" data-elementor-id=\"3\" class=\"elementor elementor-3\">\n\t\t\t\t\t\t<section class=\"elementor-section elementor-top-section elementor-element elementor-element-254e4805 elementor-section-boxed elementor-section-height-default elementor-section-height-default\" data-id=\"254e4805\" data-element_type=\"section\">\n\t\t\t\t\t\t<div class=\"elementor-container elementor-column-gap-default\">\n\t\t\t\t\t<div class=\"elementor-column elementor-col-100 elementor-top-column elementor-element elementor-element-51e550de\" data-id=\"51e550de\" data-element_type=\"column\">\n\t\t\t<div class=\"elementor-widget-wrap elementor-element-populated\">\n\t\t\t\t\t\t<div class=\"elementor-element elementor-element-68a24368 elementor-widget elementor-widget-text-editor\" data-id=\"68a24368\" data-element_type=\"widget\" data-widget_type=\"text-editor.default\">\n\t\t\t\t<div class=\"elementor-widget-container\">\n\t\t\t\t\t\t\t\t\t<p><\/p>\n<h2 class=\"wp-block-heading\">Prvo malo o meni:<\/h2>\n<p>Ja sam obi\u010dna djevojka koja obo\u017eava provoditi slobodno vrijeme u prirodi i veliki sam fan fotografije i pisanja. Ovu web stranicu napravila sam kako bih prezentirala prirodne ljepote Hrvatske.<\/p>\n<p><strong>Va\u0161a privatnost mi je iznimno va\u017ena, <\/strong>stoga sam vodim ra\u010duna o osobnim informacijama koje dijelite na ovoj stranici.<\/p>\n<p><\/p>\n<p><\/p>\n<h2 class=\"wp-block-heading\">Komentari<\/h2>\n<p><\/p>\n<p>Kada posjetitelji ove stranice ostavljaju komentare, prikupljamo podatke koji se prikazuju u formi za kontakte i posjetiteljevu IP adresu, kao i vrstu pretra\u017eiva\u010da koji koristite kako bismo mogli lak\u0161e detektirati spam.<\/p>\n<p>Takozvani\u00a0<em>Hash<\/em> koji se kreira iz va\u0161eg e-maila mo\u017ee biti dostavljen usluzi <em>Gravatar\u00a0<\/em>da vidi koristite li ju. Politika privatnosti usluge Gravatar dostupna je ovdje: \u00a0 <a href=\"https:\/\/automattic.com\/privacy\/\">https:\/\/automattic.com\/privacy\/<\/a>\u00a0 Nakon odobrenja va\u0161eg komentara, va\u0161a profilna slika vidljiva je javnosti u kontekstu va\u0161eg komentara.<\/p>\n<p><\/p>\n<p><\/p>\n<p><\/p>\n<h2 class=\"wp-block-heading\">Kola\u010di\u0107i\u00a0<\/h2>\n<p>Ako ostavite komentar na ovoj stranici, mo\u017eete se odlu\u010diti za spremanje svog imena, e-po\u0161te i web stranice u Kola\u010di\u0107e. Ako prihvatite Politiku Kola\u010di\u0107a, prilikom idu\u0107eg ostavljanja komentara ne\u0107ete morati ponovno unositi svoje podatke. Kola\u010di\u0107i \u0107e trajati godinu dana.<\/p>\n<p><\/p>\n<p><\/p>\n<p><\/p>\n<p><\/p>\n<p><\/p>\n<p><\/p>\n<p><\/p>\n<p><\/p>\n<h2 class=\"wp-block-heading\">U koje svrhe koristimo va\u0161e podatke?<\/h2>\n<p>Va\u0161e podatke koristimo isklju\u010divo za potrebe pretplate na e-mail, potrebe Google Analytics-a i Kontakt forme.<\/p>\n<p><\/p>\n<p><\/p>\n<h2 class=\"wp-block-heading\">Koliko dugo zadr\u017eavamo va\u0161e podatke?<\/h2>\n<p><\/p>\n<p>Ako ostavite komentar, komentar i njegovi metapodaci zadr\u017eavaju se na neodre\u0111eno vrijeme. To je zato da mo\u017eemo automatski prepoznati i odobriti sve naknadne komentare umjesto da ih dr\u017eimo u redu za moderiranje.<\/p>\n<p><\/p>\n<p>Za korisnike koji se pretplate na Newsletter na ovoj web stranici, \u010duvamo osobne podatke sve dok su pretplatnici. Administratori web stranice tako\u0111er mogu vidjeti i urediti te informacije.<\/p>\n<p><\/p>\n<h2 class=\"wp-block-heading\">Koja prava imate nad svojim podacima?<\/h2>\n<p>Ako ste ostavili komentar na ovoj stranici, mo\u017eete zatra\u017eiti izvezenu<span class=\"Y2IQFc\" lang=\"hr\">\u00a0datoteku osobnih podataka koje imamo o vama, uklju\u010duju\u0107i sve podatke koje ste nam dostavili. Tako\u0111er mo\u017eete zatra\u017eiti da izbri\u0161emo sve osobne podatke koje imamo o vama. To ne uklju\u010duje podatke koje smo du\u017eni \u010duvati u administrativne, pravne ili sigurnosne svrhe.<\/span><\/p>\n<p><\/p>\n<p><\/p>\n<h2 class=\"wp-block-heading\">Kamo se \u0161alju va\u0161i podaci?<\/h2>\n<p>Komentari posjetitelja mogu se provjeriti putem automatizirane detekcije spama akismet.com<\/p>\n<p><\/p>\t\t\t\t\t\t\t\t<\/div>\n\t\t\t\t<\/div>\n\t\t\t\t\t<\/div>\n\t\t<\/div>\n\t\t\t\t\t<\/div>\n\t\t<\/section>\n\t\t\t\t<\/div>","protected":false},"excerpt":{"rendered":"<p>Prvo malo o meni: Ja sam obi\u010dna djevojka koja obo\u017eava provoditi slobodno vrijeme u prirodi i veliki sam fan fotografije i pisanja. Ovu web stranicu napravila sam kako bih prezentirala prirodne ljepote Hrvatske. Va\u0161a privatnost mi je iznimno va\u017ena, stoga sam vodim ra\u010duna o osobnim informacijama koje dijelite na ovoj stranici. Komentari Kada posjetitelji ove [&hellip;]<\/p>","protected":false},"author":1,"featured_media":0,"parent":0,"menu_order":0,"comment_status":"closed","ping_status":"open","template":"elementor_header_footer","meta":{"footnotes":""},"class_list":["post-3","page","type-page","status-publish","hentry"],"blocksy_meta":{"styles_descriptor":{"styles":{"desktop":"","tablet":"","mobile":""},"google_fonts":[],"version":6}},"yoast_head":"<!-- This site is optimized with the Yoast SEO plugin v19.5.1 - https:\/\/yoast.com\/wordpress\/plugins\/seo\/ -->\n<title>Privacy Policy - marija-peric.com<\/title>\n<meta name=\"robots\" content=\"noindex, follow, max-snippet:-1, max-image-preview:large, max-video-preview:-1\" \/>\n<meta property=\"og:locale\" content=\"en_US\" \/>\n<meta property=\"og:type\" content=\"article\" \/>\n<meta property=\"og:title\" content=\"Privacy Policy - marija-peric.com\" \/>\n<meta property=\"og:description\" content=\"Prvo malo o meni: Ja sam obi\u010dna djevojka koja obo\u017eava provoditi slobodno vrijeme u prirodi i veliki sam fan fotografije i pisanja. Ovu web stranicu napravila sam kako bih prezentirala prirodne ljepote Hrvatske. Va\u0161a privatnost mi je iznimno va\u017ena, stoga sam vodim ra\u010duna o osobnim informacijama koje dijelite na ovoj stranici. Komentari Kada posjetitelji ove [&hellip;]\" \/>\n<meta property=\"og:url\" content=\"https:\/\/marija-peric.com\/en\/privacy-policy\/\" \/>\n<meta property=\"og:site_name\" content=\"marija-peric.com\" \/>\n<meta property=\"article:modified_time\" content=\"2022-08-18T12:55:23+00:00\" \/>\n<meta name=\"twitter:card\" content=\"summary_large_image\" \/>\n<meta name=\"twitter:label1\" content=\"Est. reading time\" \/>\n\t<meta name=\"twitter:data1\" content=\"2 minutes\" \/>\n<script type=\"application\/ld+json\" class=\"yoast-schema-graph\">{\"@context\":\"https:\/\/schema.org\",\"@graph\":[{\"@type\":\"WebPage\",\"@id\":\"https:\/\/marija-peric.com\/privacy-policy\/\",\"url\":\"https:\/\/marija-peric.com\/privacy-policy\/\",\"name\":\"Privacy Policy - marija-peric.com\",\"isPartOf\":{\"@id\":\"https:\/\/marija-peric.com\/#website\"},\"datePublished\":\"2022-08-09T18:32:49+00:00\",\"dateModified\":\"2022-08-18T12:55:23+00:00\",\"breadcrumb\":{\"@id\":\"https:\/\/marija-peric.com\/privacy-policy\/#breadcrumb\"},\"inLanguage\":\"en-US\",\"potentialAction\":[{\"@type\":\"ReadAction\",\"target\":[\"https:\/\/marija-peric.com\/privacy-policy\/\"]}]},{\"@type\":\"BreadcrumbList\",\"@id\":\"https:\/\/marija-peric.com\/privacy-policy\/#breadcrumb\",\"itemListElement\":[{\"@type\":\"ListItem\",\"position\":1,\"name\":\"Home\",\"item\":\"https:\/\/marija-peric.com\/\"},{\"@type\":\"ListItem\",\"position\":2,\"name\":\"Privacy Policy\"}]},{\"@type\":\"WebSite\",\"@id\":\"https:\/\/marija-peric.com\/#website\",\"url\":\"https:\/\/marija-peric.com\/\",\"name\":\"marija-peric.com\",\"description\":\"Photography is my passion\",\"publisher\":{\"@id\":\"https:\/\/marija-peric.com\/#organization\"},\"potentialAction\":[{\"@type\":\"SearchAction\",\"target\":{\"@type\":\"EntryPoint\",\"urlTemplate\":\"https:\/\/marija-peric.com\/?s={search_term_string}\"},\"query-input\":\"required name=search_term_string\"}],\"inLanguage\":\"en-US\"},{\"@type\":\"Organization\",\"@id\":\"https:\/\/marija-peric.com\/#organization\",\"name\":\"marija-peric.com\",\"url\":\"https:\/\/marija-peric.com\/\",\"sameAs\":[],\"logo\":{\"@type\":\"ImageObject\",\"inLanguage\":\"en-US\",\"@id\":\"https:\/\/marija-peric.com\/#\/schema\/logo\/image\/\",\"url\":\"https:\/\/marija-peric.com\/wp-content\/uploads\/2022\/08\/Initial-Logos-tirkizni.png\",\"contentUrl\":\"https:\/\/marija-peric.com\/wp-content\/uploads\/2022\/08\/Initial-Logos-tirkizni.png\",\"width\":500,\"height\":500,\"caption\":\"marija-peric.com\"},\"image\":{\"@id\":\"https:\/\/marija-peric.com\/#\/schema\/logo\/image\/\"}}]}<\/script>\n<!-- \/ Yoast SEO plugin. -->","yoast_head_json":{"title":"Privacy Policy - marija-peric.com","robots":{"index":"noindex","follow":"follow","max-snippet":"max-snippet:-1","max-image-preview":"max-image-preview:large","max-video-preview":"max-video-preview:-1"},"og_locale":"en_US","og_type":"article","og_title":"Privacy Policy - marija-peric.com","og_description":"Prvo malo o meni: Ja sam obi\u010dna djevojka koja obo\u017eava provoditi slobodno vrijeme u prirodi i veliki sam fan fotografije i pisanja. Ovu web stranicu napravila sam kako bih prezentirala prirodne ljepote Hrvatske. Va\u0161a privatnost mi je iznimno va\u017ena, stoga sam vodim ra\u010duna o osobnim informacijama koje dijelite na ovoj stranici. Komentari Kada posjetitelji ove [&hellip;]","og_url":"https:\/\/marija-peric.com\/en\/privacy-policy\/","og_site_name":"marija-peric.com","article_modified_time":"2022-08-18T12:55:23+00:00","twitter_card":"summary_large_image","twitter_misc":{"Est. reading time":"2 minutes"},"schema":{"@context":"https:\/\/schema.org","@graph":[{"@type":"WebPage","@id":"https:\/\/marija-peric.com\/privacy-policy\/","url":"https:\/\/marija-peric.com\/privacy-policy\/","name":"Privacy Policy - marija-peric.com","isPartOf":{"@id":"https:\/\/marija-peric.com\/#website"},"datePublished":"2022-08-09T18:32:49+00:00","dateModified":"2022-08-18T12:55:23+00:00","breadcrumb":{"@id":"https:\/\/marija-peric.com\/privacy-policy\/#breadcrumb"},"inLanguage":"en-US","potentialAction":[{"@type":"ReadAction","target":["https:\/\/marija-peric.com\/privacy-policy\/"]}]},{"@type":"BreadcrumbList","@id":"https:\/\/marija-peric.com\/privacy-policy\/#breadcrumb","itemListElement":[{"@type":"ListItem","position":1,"name":"Home","item":"https:\/\/marija-peric.com\/"},{"@type":"ListItem","position":2,"name":"Privacy Policy"}]},{"@type":"WebSite","@id":"https:\/\/marija-peric.com\/#website","url":"https:\/\/marija-peric.com\/","name":"marija-peric.com","description":"Photography is my passion","publisher":{"@id":"https:\/\/marija-peric.com\/#organization"},"potentialAction":[{"@type":"SearchAction","target":{"@type":"EntryPoint","urlTemplate":"https:\/\/marija-peric.com\/?s={search_term_string}"},"query-input":"required name=search_term_string"}],"inLanguage":"en-US"},{"@type":"Organization","@id":"https:\/\/marija-peric.com\/#organization","name":"marija-peric.com","url":"https:\/\/marija-peric.com\/","sameAs":[],"logo":{"@type":"ImageObject","inLanguage":"en-US","@id":"https:\/\/marija-peric.com\/#\/schema\/logo\/image\/","url":"https:\/\/marija-peric.com\/wp-content\/uploads\/2022\/08\/Initial-Logos-tirkizni.png","contentUrl":"https:\/\/marija-peric.com\/wp-content\/uploads\/2022\/08\/Initial-Logos-tirkizni.png","width":500,"height":500,"caption":"marija-peric.com"},"image":{"@id":"https:\/\/marija-peric.com\/#\/schema\/logo\/image\/"}}]}},"_links":{"self":[{"href":"https:\/\/marija-peric.com\/en\/wp-json\/wp\/v2\/pages\/3","targetHints":{"allow":["GET"]}}],"collection":[{"href":"https:\/\/marija-peric.com\/en\/wp-json\/wp\/v2\/pages"}],"about":[{"href":"https:\/\/marija-peric.com\/en\/wp-json\/wp\/v2\/types\/page"}],"author":[{"embeddable":true,"href":"https:\/\/marija-peric.com\/en\/wp-json\/wp\/v2\/users\/1"}],"replies":[{"embeddable":true,"href":"https:\/\/marija-peric.com\/en\/wp-json\/wp\/v2\/comments?post=3"}],"version-history":[{"count":24,"href":"https:\/\/marija-peric.com\/en\/wp-json\/wp\/v2\/pages\/3\/revisions"}],"predecessor-version":[{"id":1846,"href":"https:\/\/marija-peric.com\/en\/wp-json\/wp\/v2\/pages\/3\/revisions\/1846"}],"wp:attachment":[{"href":"https:\/\/marija-peric.com\/en\/wp-json\/wp\/v2\/media?parent=3"}],"curies":[{"name":"wp","href":"https:\/\/api.w.org\/{rel}","templated":true}]}}