{"id":1693,"date":"2022-08-15T16:46:54","date_gmt":"2022-08-15T14:46:54","guid":{"rendered":"https:\/\/marija-peric.com\/?page_id=1693"},"modified":"2022-08-18T16:43:38","modified_gmt":"2022-08-18T14:43:38","slug":"frequently-asked-questions","status":"publish","type":"page","link":"https:\/\/marija-peric.com\/en\/frequently-asked-questions\/","title":{"rendered":"FAQ"},"content":{"rendered":"<div data-elementor-type=\"wp-page\" data-elementor-id=\"1693\" class=\"elementor elementor-1693\">\n\t\t\t\t<div class=\"elementor-element elementor-element-288150d e-flex e-con-boxed e-con e-parent\" data-id=\"288150d\" data-element_type=\"container\">\n\t\t\t\t\t<div class=\"e-con-inner\">\n\t\t<div class=\"elementor-element elementor-element-0170a38 e-con-full e-flex e-con e-parent\" data-id=\"0170a38\" data-element_type=\"container\">\n\t\t\t\t<div data-ep-wrapper-link=\"{&quot;url&quot;:&quot;https:\\\/\\\/wetransfer.com\\\/&quot;,&quot;is_external&quot;:&quot;&quot;,&quot;nofollow&quot;:&quot;&quot;,&quot;custom_attributes&quot;:&quot;&quot;}\" style=\"cursor: pointer\" class=\"bdt-element-link elementor-element elementor-element-149bab6 e-transform e-transform elementor-widget elementor-widget-elementskit-faq\" data-id=\"149bab6\" data-element_type=\"widget\" data-settings=\"{&quot;_transform_translateX_effect&quot;:{&quot;unit&quot;:&quot;px&quot;,&quot;size&quot;:0,&quot;sizes&quot;:[]},&quot;_transform_translateX_effect_hover&quot;:{&quot;unit&quot;:&quot;px&quot;,&quot;size&quot;:10,&quot;sizes&quot;:[]},&quot;_transform_translateX_effect_tablet&quot;:{&quot;unit&quot;:&quot;px&quot;,&quot;size&quot;:&quot;&quot;,&quot;sizes&quot;:[]},&quot;_transform_translateX_effect_mobile&quot;:{&quot;unit&quot;:&quot;px&quot;,&quot;size&quot;:&quot;&quot;,&quot;sizes&quot;:[]},&quot;_transform_translateY_effect&quot;:{&quot;unit&quot;:&quot;px&quot;,&quot;size&quot;:&quot;&quot;,&quot;sizes&quot;:[]},&quot;_transform_translateY_effect_tablet&quot;:{&quot;unit&quot;:&quot;px&quot;,&quot;size&quot;:&quot;&quot;,&quot;sizes&quot;:[]},&quot;_transform_translateY_effect_mobile&quot;:{&quot;unit&quot;:&quot;px&quot;,&quot;size&quot;:&quot;&quot;,&quot;sizes&quot;:[]},&quot;_transform_translateX_effect_hover_tablet&quot;:{&quot;unit&quot;:&quot;px&quot;,&quot;size&quot;:&quot;&quot;,&quot;sizes&quot;:[]},&quot;_transform_translateX_effect_hover_mobile&quot;:{&quot;unit&quot;:&quot;px&quot;,&quot;size&quot;:&quot;&quot;,&quot;sizes&quot;:[]},&quot;_transform_translateY_effect_hover&quot;:{&quot;unit&quot;:&quot;px&quot;,&quot;size&quot;:&quot;&quot;,&quot;sizes&quot;:[]},&quot;_transform_translateY_effect_hover_tablet&quot;:{&quot;unit&quot;:&quot;px&quot;,&quot;size&quot;:&quot;&quot;,&quot;sizes&quot;:[]},&quot;_transform_translateY_effect_hover_mobile&quot;:{&quot;unit&quot;:&quot;px&quot;,&quot;size&quot;:&quot;&quot;,&quot;sizes&quot;:[]}}\" data-widget_type=\"elementskit-faq.default\">\n\t\t\t\t<div class=\"elementor-widget-container\">\n\t\t\t\t\t<div class=\"ekit-wid-con\" >\n                <div class=\"elementskit-single-faq elementor-repeater-item-56909c8\">\n            <div class=\"elementskit-faq-header\">\n                <h2 class=\"elementskit-faq-title\">What are you photographing?<\/h2>\n            <\/div>\n            <div class=\"elementskit-faq-body\">\n                I'm an outdoor person and I love to explore the nature. Nature is my biggest inspiration for creating the most beautiful photographs.<br>\nAs I have discovered a UGC concept recently, I have decided to try it. You can check my UGC Portfolio in the Gallery.            <\/div>\n        <\/div>\n                <div class=\"elementskit-single-faq elementor-repeater-item-b0631df\">\n            <div class=\"elementskit-faq-header\">\n                <h2 class=\"elementskit-faq-title\">How will you send photographs and\/or other content?<\/h2>\n            <\/div>\n            <div class=\"elementskit-faq-body\">\n                Since I want to deliver the best quality content, I will share it with you by WeTransfer. You can find it over here: https:\/\/wetransfer.com\/  It's a free tool connected with your email that allows transferring a huge amount of data without damaging their quality             <\/div>\n        <\/div>\n                \n    <\/div>\t\t\t\t<\/div>\n\t\t\t\t<\/div>\n\t\t\t\t<\/div>\n\t\t<div class=\"elementor-element elementor-element-28e9704 e-con-full e-flex e-con e-parent\" data-id=\"28e9704\" data-element_type=\"container\">\n\t\t\t\t<div data-ep-wrapper-link=\"{&quot;url&quot;:&quot;https:\\\/\\\/unsplash.com\\\/@marijape86&quot;,&quot;is_external&quot;:&quot;&quot;,&quot;nofollow&quot;:&quot;&quot;,&quot;custom_attributes&quot;:&quot;&quot;}\" style=\"cursor: pointer\" class=\"bdt-element-link elementor-element elementor-element-81576f1 e-transform elementor-widget elementor-widget-elementskit-faq\" data-id=\"81576f1\" data-element_type=\"widget\" data-settings=\"{&quot;_transform_translateX_effect_hover&quot;:{&quot;unit&quot;:&quot;px&quot;,&quot;size&quot;:10,&quot;sizes&quot;:[]},&quot;_transform_translateX_effect_hover_tablet&quot;:{&quot;unit&quot;:&quot;px&quot;,&quot;size&quot;:&quot;&quot;,&quot;sizes&quot;:[]},&quot;_transform_translateX_effect_hover_mobile&quot;:{&quot;unit&quot;:&quot;px&quot;,&quot;size&quot;:&quot;&quot;,&quot;sizes&quot;:[]},&quot;_transform_translateY_effect_hover&quot;:{&quot;unit&quot;:&quot;px&quot;,&quot;size&quot;:&quot;&quot;,&quot;sizes&quot;:[]},&quot;_transform_translateY_effect_hover_tablet&quot;:{&quot;unit&quot;:&quot;px&quot;,&quot;size&quot;:&quot;&quot;,&quot;sizes&quot;:[]},&quot;_transform_translateY_effect_hover_mobile&quot;:{&quot;unit&quot;:&quot;px&quot;,&quot;size&quot;:&quot;&quot;,&quot;sizes&quot;:[]}}\" data-widget_type=\"elementskit-faq.default\">\n\t\t\t\t<div class=\"elementor-widget-container\">\n\t\t\t\t\t<div class=\"ekit-wid-con\" >\n                <div class=\"elementskit-single-faq elementor-repeater-item-c2c8db5\">\n            <div class=\"elementskit-faq-header\">\n                <h2 class=\"elementskit-faq-title\">Are your photographs copyrighted?<\/h2>\n            <\/div>\n            <div class=\"elementskit-faq-body\">\n                All of the material published on this web site iz copyrighted and protected with a watermark. On my Unsplash account https:\/\/unsplash.com\/@marijape86 you can check, download and use some of my uncopyrighted photos.             <\/div>\n        <\/div>\n                <div class=\"elementskit-single-faq elementor-repeater-item-0321b88\">\n            <div class=\"elementskit-faq-header\">\n                <h2 class=\"elementskit-faq-title\">Do I get copyrights for photographs if I order it?<\/h2>\n            <\/div>\n            <div class=\"elementskit-faq-body\">\n                Of course you get your copyrights for your photographs! Once I deliver them to you, photographs belong to you and you decide what do you want to do with them. I will not use them, nor share with other people.            <\/div>\n        <\/div>\n                \n    <\/div>\t\t\t\t<\/div>\n\t\t\t\t<\/div>\n\t\t\t\t<\/div>\n\t\t\t\t\t<\/div>\n\t\t\t\t<\/div>\n\t\t\t\t<\/div>","protected":false},"excerpt":{"rendered":"<p>\u0160to sve fotografira\u0161? Volim boraviti u prirodi i istra\u017eivati lijepe krajolike. Priroda je moja nave\u0107a inspiracija za najljep\u0161e fotografije. Kako sam nedavno otkrila koncept UGC (sadr\u017eaj koji stvaraju kupci), odlu\u010dila sam se oku\u0161ati i u tome. Moj UGC portfolio mo\u017eete pogledati u Galeriji. Kako \u0161alje\u0161 slike i ostali sadr\u017eaj? Budu\u0107i da mi je stalo do [&hellip;]<\/p>","protected":false},"author":1,"featured_media":0,"parent":0,"menu_order":0,"comment_status":"closed","ping_status":"closed","template":"elementor_header_footer","meta":{"footnotes":""},"class_list":["post-1693","page","type-page","status-publish","hentry"],"blocksy_meta":{"styles_descriptor":{"styles":{"desktop":"","tablet":"","mobile":""},"google_fonts":[],"version":6}},"yoast_head":"<!-- This site is optimized with the Yoast SEO plugin v19.5.1 - https:\/\/yoast.com\/wordpress\/plugins\/seo\/ -->\n<title>FAQ - marija-peric.com %frequentlyaskedquestions<\/title>\n<meta name=\"robots\" content=\"noindex, follow, max-snippet:-1, max-image-preview:large, max-video-preview:-1\" \/>\n<meta property=\"og:locale\" content=\"en_US\" \/>\n<meta property=\"og:type\" content=\"article\" \/>\n<meta property=\"og:title\" content=\"FAQ - marija-peric.com %frequentlyaskedquestions\" \/>\n<meta property=\"og:description\" content=\"\u0160to sve fotografira\u0161? Volim boraviti u prirodi i istra\u017eivati lijepe krajolike. Priroda je moja nave\u0107a inspiracija za najljep\u0161e fotografije. Kako sam nedavno otkrila koncept UGC (sadr\u017eaj koji stvaraju kupci), odlu\u010dila sam se oku\u0161ati i u tome. Moj UGC portfolio mo\u017eete pogledati u Galeriji. Kako \u0161alje\u0161 slike i ostali sadr\u017eaj? Budu\u0107i da mi je stalo do [&hellip;]\" \/>\n<meta property=\"og:url\" content=\"https:\/\/marija-peric.com\/en\/frequently-asked-questions\/\" \/>\n<meta property=\"og:site_name\" content=\"marija-peric.com\" \/>\n<meta property=\"article:modified_time\" content=\"2022-08-18T14:43:38+00:00\" \/>\n<meta name=\"twitter:card\" content=\"summary_large_image\" \/>\n<meta name=\"twitter:label1\" content=\"Est. reading time\" \/>\n\t<meta name=\"twitter:data1\" content=\"1 minute\" \/>\n<script type=\"application\/ld+json\" class=\"yoast-schema-graph\">{\"@context\":\"https:\/\/schema.org\",\"@graph\":[{\"@type\":\"WebPage\",\"@id\":\"https:\/\/marija-peric.com\/frequently-asked-questions\/\",\"url\":\"https:\/\/marija-peric.com\/frequently-asked-questions\/\",\"name\":\"FAQ - marija-peric.com %frequentlyaskedquestions\",\"isPartOf\":{\"@id\":\"https:\/\/marija-peric.com\/#website\"},\"datePublished\":\"2022-08-15T14:46:54+00:00\",\"dateModified\":\"2022-08-18T14:43:38+00:00\",\"breadcrumb\":{\"@id\":\"https:\/\/marija-peric.com\/frequently-asked-questions\/#breadcrumb\"},\"inLanguage\":\"en-US\",\"potentialAction\":[{\"@type\":\"ReadAction\",\"target\":[\"https:\/\/marija-peric.com\/frequently-asked-questions\/\"]}]},{\"@type\":\"BreadcrumbList\",\"@id\":\"https:\/\/marija-peric.com\/frequently-asked-questions\/#breadcrumb\",\"itemListElement\":[{\"@type\":\"ListItem\",\"position\":1,\"name\":\"Home\",\"item\":\"https:\/\/marija-peric.com\/\"},{\"@type\":\"ListItem\",\"position\":2,\"name\":\"FAQ\"}]},{\"@type\":\"WebSite\",\"@id\":\"https:\/\/marija-peric.com\/#website\",\"url\":\"https:\/\/marija-peric.com\/\",\"name\":\"marija-peric.com\",\"description\":\"Photography is my passion\",\"publisher\":{\"@id\":\"https:\/\/marija-peric.com\/#organization\"},\"potentialAction\":[{\"@type\":\"SearchAction\",\"target\":{\"@type\":\"EntryPoint\",\"urlTemplate\":\"https:\/\/marija-peric.com\/?s={search_term_string}\"},\"query-input\":\"required name=search_term_string\"}],\"inLanguage\":\"en-US\"},{\"@type\":\"Organization\",\"@id\":\"https:\/\/marija-peric.com\/#organization\",\"name\":\"marija-peric.com\",\"url\":\"https:\/\/marija-peric.com\/\",\"sameAs\":[],\"logo\":{\"@type\":\"ImageObject\",\"inLanguage\":\"en-US\",\"@id\":\"https:\/\/marija-peric.com\/#\/schema\/logo\/image\/\",\"url\":\"https:\/\/marija-peric.com\/wp-content\/uploads\/2022\/08\/Initial-Logos-tirkizni.png\",\"contentUrl\":\"https:\/\/marija-peric.com\/wp-content\/uploads\/2022\/08\/Initial-Logos-tirkizni.png\",\"width\":500,\"height\":500,\"caption\":\"marija-peric.com\"},\"image\":{\"@id\":\"https:\/\/marija-peric.com\/#\/schema\/logo\/image\/\"}}]}<\/script>\n<!-- \/ Yoast SEO plugin. -->","yoast_head_json":{"title":"FAQ - marija-peric.com %frequentlyaskedquestions","robots":{"index":"noindex","follow":"follow","max-snippet":"max-snippet:-1","max-image-preview":"max-image-preview:large","max-video-preview":"max-video-preview:-1"},"og_locale":"en_US","og_type":"article","og_title":"FAQ - marija-peric.com %frequentlyaskedquestions","og_description":"\u0160to sve fotografira\u0161? Volim boraviti u prirodi i istra\u017eivati lijepe krajolike. Priroda je moja nave\u0107a inspiracija za najljep\u0161e fotografije. Kako sam nedavno otkrila koncept UGC (sadr\u017eaj koji stvaraju kupci), odlu\u010dila sam se oku\u0161ati i u tome. Moj UGC portfolio mo\u017eete pogledati u Galeriji. Kako \u0161alje\u0161 slike i ostali sadr\u017eaj? Budu\u0107i da mi je stalo do [&hellip;]","og_url":"https:\/\/marija-peric.com\/en\/frequently-asked-questions\/","og_site_name":"marija-peric.com","article_modified_time":"2022-08-18T14:43:38+00:00","twitter_card":"summary_large_image","twitter_misc":{"Est. reading time":"1 minute"},"schema":{"@context":"https:\/\/schema.org","@graph":[{"@type":"WebPage","@id":"https:\/\/marija-peric.com\/frequently-asked-questions\/","url":"https:\/\/marija-peric.com\/frequently-asked-questions\/","name":"FAQ - marija-peric.com %frequentlyaskedquestions","isPartOf":{"@id":"https:\/\/marija-peric.com\/#website"},"datePublished":"2022-08-15T14:46:54+00:00","dateModified":"2022-08-18T14:43:38+00:00","breadcrumb":{"@id":"https:\/\/marija-peric.com\/frequently-asked-questions\/#breadcrumb"},"inLanguage":"en-US","potentialAction":[{"@type":"ReadAction","target":["https:\/\/marija-peric.com\/frequently-asked-questions\/"]}]},{"@type":"BreadcrumbList","@id":"https:\/\/marija-peric.com\/frequently-asked-questions\/#breadcrumb","itemListElement":[{"@type":"ListItem","position":1,"name":"Home","item":"https:\/\/marija-peric.com\/"},{"@type":"ListItem","position":2,"name":"FAQ"}]},{"@type":"WebSite","@id":"https:\/\/marija-peric.com\/#website","url":"https:\/\/marija-peric.com\/","name":"marija-peric.com","description":"Photography is my passion","publisher":{"@id":"https:\/\/marija-peric.com\/#organization"},"potentialAction":[{"@type":"SearchAction","target":{"@type":"EntryPoint","urlTemplate":"https:\/\/marija-peric.com\/?s={search_term_string}"},"query-input":"required name=search_term_string"}],"inLanguage":"en-US"},{"@type":"Organization","@id":"https:\/\/marija-peric.com\/#organization","name":"marija-peric.com","url":"https:\/\/marija-peric.com\/","sameAs":[],"logo":{"@type":"ImageObject","inLanguage":"en-US","@id":"https:\/\/marija-peric.com\/#\/schema\/logo\/image\/","url":"https:\/\/marija-peric.com\/wp-content\/uploads\/2022\/08\/Initial-Logos-tirkizni.png","contentUrl":"https:\/\/marija-peric.com\/wp-content\/uploads\/2022\/08\/Initial-Logos-tirkizni.png","width":500,"height":500,"caption":"marija-peric.com"},"image":{"@id":"https:\/\/marija-peric.com\/#\/schema\/logo\/image\/"}}]}},"_links":{"self":[{"href":"https:\/\/marija-peric.com\/en\/wp-json\/wp\/v2\/pages\/1693","targetHints":{"allow":["GET"]}}],"collection":[{"href":"https:\/\/marija-peric.com\/en\/wp-json\/wp\/v2\/pages"}],"about":[{"href":"https:\/\/marija-peric.com\/en\/wp-json\/wp\/v2\/types\/page"}],"author":[{"embeddable":true,"href":"https:\/\/marija-peric.com\/en\/wp-json\/wp\/v2\/users\/1"}],"replies":[{"embeddable":true,"href":"https:\/\/marija-peric.com\/en\/wp-json\/wp\/v2\/comments?post=1693"}],"version-history":[{"count":92,"href":"https:\/\/marija-peric.com\/en\/wp-json\/wp\/v2\/pages\/1693\/revisions"}],"predecessor-version":[{"id":1890,"href":"https:\/\/marija-peric.com\/en\/wp-json\/wp\/v2\/pages\/1693\/revisions\/1890"}],"wp:attachment":[{"href":"https:\/\/marija-peric.com\/en\/wp-json\/wp\/v2\/media?parent=1693"}],"curies":[{"name":"wp","href":"https:\/\/api.w.org\/{rel}","templated":true}]}}